{"id":112,"date":"2018-08-16T17:21:07","date_gmt":"2018-08-16T15:21:07","guid":{"rendered":"http:\/\/www.geodatenserver.ch\/valgis\/?page_id=112"},"modified":"2025-02-04T15:46:15","modified_gmt":"2025-02-04T14:46:15","slug":"behoerden","status":"publish","type":"page","link":"https:\/\/www.geodatenserver.ch\/valgis\/behoerden\/","title":{"rendered":"Beh\u00f6rden"},"content":{"rendered":"<p><a href=\"http:\/\/www.geodatenserver.ch\/valgis\/wp-content\/uploads\/2018\/08\/behoerden.jpg\"><img loading=\"lazy\" decoding=\"async\" class=\"alignnone size-large wp-image-113\" src=\"http:\/\/www.geodatenserver.ch\/valgis\/wp-content\/uploads\/2018\/08\/behoerden-1024x502.jpg\" alt=\"\" width=\"800\" height=\"392\" srcset=\"https:\/\/www.geodatenserver.ch\/valgis\/wp-content\/uploads\/2018\/08\/behoerden-1024x502.jpg 1024w, https:\/\/www.geodatenserver.ch\/valgis\/wp-content\/uploads\/2018\/08\/behoerden-300x147.jpg 300w, https:\/\/www.geodatenserver.ch\/valgis\/wp-content\/uploads\/2018\/08\/behoerden-768x376.jpg 768w, https:\/\/www.geodatenserver.ch\/valgis\/wp-content\/uploads\/2018\/08\/behoerden.jpg 1675w\" sizes=\"auto, (max-width: 800px) 100vw, 800px\" \/><\/a><\/p>\n<p>In beh\u00f6rdlichen Strukturen (von Gemeinden \u00fcber St\u00e4dte\/Bezirke\/Kantone bis zum Bund) arbeiten verschiedene Fachbereiche mit fachspezifischen (Naturschutz, Verkehr, Planung, &#8230;) und allgemein genutzten (Gebietsgliederung, Naturraum, lnfrastruktur, &#8230;) Geodaten. Dabei m\u00fcssen Sie rechtliche Rahmenbedingungen erf\u00fcllen (z.B. Umwelt- und Sicherheitsauflagen) und die dazu get\u00e4tigten Massnahmen belegen. Diesen gro\u00dfen Pool an Geodaten aus verschiedenen Themenbereichen zentral verwalten, berechtigten internen Nutzern bereitstellen und wo sinnvoll auch in Form von B\u00fcrgerservices anbieten<br \/>\n\u2014 das umschreibt die Anforderungen in seiner Gesamtheit.<\/p>\n<p>Mit valgis sichten und editieren Sie Ihre Geodaten in einer einfach bedienbaren Benutzeroberfl\u00e4che per Browser direkt im Web. Dabei verf\u00fcgen Sie \u00fcber eine Suite an Produktivit\u00e4tstools f\u00fcr s\u00e4mtliche<br \/>\nTeilaufgaben: Von der Datenerfassung in einer zentralen Datenbank \u00fcber die einfache Bereitstellung von Services bis hin zur r\u00e4umlichen Analyse und Datenausgabe als Karte oder Bericht. In wenigen Schritten erstellen Sie Projekte mit einem rollen basiertem Nutzerkonzept, prozessorientierten ArbeitsabI\u00e4ufen, strengen Sicherheitsauflagen und individuell konfigurierten Clients f\u00fcr einen Einsatz im B\u00fcro, am Infoterminal oder auch mobil.<\/p>\n","protected":false},"excerpt":{"rendered":"<p>In beh\u00f6rdlichen Strukturen (von Gemeinden \u00fcber St\u00e4dte\/Bezirke\/Kantone bis zum Bund) arbeiten verschiedene Fachbereiche mit fachspezifischen (Naturschutz, Verkehr, Planung, &#8230;) und [&hellip;]<\/p>\n","protected":false},"author":1,"featured_media":0,"parent":0,"menu_order":0,"comment_status":"closed","ping_status":"closed","template":"","meta":{"site-sidebar-layout":"default","site-content-layout":"","ast-site-content-layout":"default","site-content-style":"default","site-sidebar-style":"default","ast-global-header-display":"","ast-banner-title-visibility":"","ast-main-header-display":"","ast-hfb-above-header-display":"","ast-hfb-below-header-display":"","ast-hfb-mobile-header-display":"","site-post-title":"","ast-breadcrumbs-content":"","ast-featured-img":"","footer-sml-layout":"","ast-disable-related-posts":"","theme-transparent-header-meta":"default","adv-header-id-meta":"","stick-header-meta":"","header-above-stick-meta":"","header-main-stick-meta":"","header-below-stick-meta":"","astra-migrate-meta-layouts":"set","ast-page-background-enabled":"default","ast-page-background-meta":{"desktop":{"background-color":"var(--ast-global-color-5)","background-image":"","background-repeat":"repeat","background-position":"center center","background-size":"auto","background-attachment":"scroll","background-type":"","background-media":"","overlay-type":"","overlay-color":"","overlay-opacity":"","overlay-gradient":""},"tablet":{"background-color":"","background-image":"","background-repeat":"repeat","background-position":"center center","background-size":"auto","background-attachment":"scroll","background-type":"","background-media":"","overlay-type":"","overlay-color":"","overlay-opacity":"","overlay-gradient":""},"mobile":{"background-color":"","background-image":"","background-repeat":"repeat","background-position":"center center","background-size":"auto","background-attachment":"scroll","background-type":"","background-media":"","overlay-type":"","overlay-color":"","overlay-opacity":"","overlay-gradient":""}},"ast-content-background-meta":{"desktop":{"background-color":"var(--ast-global-color-4)","background-image":"","background-repeat":"repeat","background-position":"center center","background-size":"auto","background-attachment":"scroll","background-type":"","background-media":"","overlay-type":"","overlay-color":"","overlay-opacity":"","overlay-gradient":""},"tablet":{"background-color":"var(--ast-global-color-4)","background-image":"","background-repeat":"repeat","background-position":"center center","background-size":"auto","background-attachment":"scroll","background-type":"","background-media":"","overlay-type":"","overlay-color":"","overlay-opacity":"","overlay-gradient":""},"mobile":{"background-color":"var(--ast-global-color-4)","background-image":"","background-repeat":"repeat","background-position":"center center","background-size":"auto","background-attachment":"scroll","background-type":"","background-media":"","overlay-type":"","overlay-color":"","overlay-opacity":"","overlay-gradient":""}},"footnotes":""},"class_list":["post-112","page","type-page","status-publish","hentry"],"_links":{"self":[{"href":"https:\/\/www.geodatenserver.ch\/valgis\/wp-json\/wp\/v2\/pages\/112","targetHints":{"allow":["GET"]}}],"collection":[{"href":"https:\/\/www.geodatenserver.ch\/valgis\/wp-json\/wp\/v2\/pages"}],"about":[{"href":"https:\/\/www.geodatenserver.ch\/valgis\/wp-json\/wp\/v2\/types\/page"}],"author":[{"embeddable":true,"href":"https:\/\/www.geodatenserver.ch\/valgis\/wp-json\/wp\/v2\/users\/1"}],"replies":[{"embeddable":true,"href":"https:\/\/www.geodatenserver.ch\/valgis\/wp-json\/wp\/v2\/comments?post=112"}],"version-history":[{"count":2,"href":"https:\/\/www.geodatenserver.ch\/valgis\/wp-json\/wp\/v2\/pages\/112\/revisions"}],"predecessor-version":[{"id":130,"href":"https:\/\/www.geodatenserver.ch\/valgis\/wp-json\/wp\/v2\/pages\/112\/revisions\/130"}],"wp:attachment":[{"href":"https:\/\/www.geodatenserver.ch\/valgis\/wp-json\/wp\/v2\/media?parent=112"}],"curies":[{"name":"wp","href":"https:\/\/api.w.org\/{rel}","templated":true}]}}