{"id":12,"date":"2018-08-14T14:55:46","date_gmt":"2018-08-14T12:55:46","guid":{"rendered":"http:\/\/www.geodatenserver.ch\/valgis\/?page_id=12"},"modified":"2018-08-17T18:37:18","modified_gmt":"2018-08-17T16:37:18","slug":"dienstleistungen","status":"publish","type":"page","link":"https:\/\/www.geodatenserver.ch\/valgis\/dienstleistungen\/","title":{"rendered":"Dienstleistungen"},"content":{"rendered":"<p class=\"txt\">Wir begleiten unsere Kunden bei der Realisierung ihres WebGIS.<\/p>\n<p class=\"txt\">Unser Angebot richtet sich an \u00f6ffentlich-rechtliche K\u00f6rperschaften wie Gemeinden, aber auch Dienstleister aus der Privatwirtschaft, touristische Institutionen, Verkehrs-, Transport- und Energieunternehmen, sowie Wasser- und andere Werke.<\/p>\n<p class=\"txt\">Als Spezialisten im Umgang mit geographischen Daten sind wir f\u00fcr die Erfassung, Verarbeitung und Bereitstellung dieser Daten zust\u00e4ndig.\u00a0Wenn Sie das w\u00fcnschen, bieten wir Ihnen auch die M\u00f6glichkeit Daten selber zu erfassen. Auch k\u00f6nnen Sie eigene Daten \u00fcber unseren FTP Zugang direkt auf unseren Server \u00fcbertragen, auf die Sie dann in Ihrer Kartenanwendung zugreifen k\u00f6nnen.<\/p>\n<p class=\"txt\">Die angebotenen L\u00f6sungen basieren auf Produkten der Firmen ESRI, Synergis, Geocom und Microsoft.<\/p>\n<p><a href=\"http:\/\/www.geodatenserver.ch\/valgis\/wp-content\/uploads\/2018\/08\/pptx_praesentation.jpg\" target=\"_blank\" rel=\"noopener\"><img loading=\"lazy\" decoding=\"async\" class=\"alignnone size-large wp-image-161\" src=\"http:\/\/www.geodatenserver.ch\/valgis\/wp-content\/uploads\/2018\/08\/pptx_praesentation-1024x709.jpg\" alt=\"\" width=\"800\" height=\"554\" srcset=\"https:\/\/www.geodatenserver.ch\/valgis\/wp-content\/uploads\/2018\/08\/pptx_praesentation-1024x709.jpg 1024w, https:\/\/www.geodatenserver.ch\/valgis\/wp-content\/uploads\/2018\/08\/pptx_praesentation-300x208.jpg 300w, https:\/\/www.geodatenserver.ch\/valgis\/wp-content\/uploads\/2018\/08\/pptx_praesentation-768x532.jpg 768w, https:\/\/www.geodatenserver.ch\/valgis\/wp-content\/uploads\/2018\/08\/pptx_praesentation.jpg 1199w\" sizes=\"auto, (max-width: 800px) 100vw, 800px\" \/><\/a><\/p>\n<p>Vereinbaren Sie mit uns einen Termin f\u00fcr eine unverbindliche Beratung oder eine Pr\u00e4sentation unserer WebGIS-L\u00f6sung!<\/p>\n","protected":false},"excerpt":{"rendered":"<p>Wir begleiten unsere Kunden bei der Realisierung ihres WebGIS. Unser Angebot richtet sich an \u00f6ffentlich-rechtliche K\u00f6rperschaften wie Gemeinden, aber auch [&hellip;]<\/p>\n","protected":false},"author":1,"featured_media":0,"parent":0,"menu_order":0,"comment_status":"closed","ping_status":"closed","template":"","meta":{"site-sidebar-layout":"default","site-content-layout":"","ast-site-content-layout":"default","site-content-style":"default","site-sidebar-style":"default","ast-global-header-display":"","ast-banner-title-visibility":"","ast-main-header-display":"","ast-hfb-above-header-display":"","ast-hfb-below-header-display":"","ast-hfb-mobile-header-display":"","site-post-title":"","ast-breadcrumbs-content":"","ast-featured-img":"","footer-sml-layout":"","ast-disable-related-posts":"","theme-transparent-header-meta":"","adv-header-id-meta":"","stick-header-meta":"","header-above-stick-meta":"","header-main-stick-meta":"","header-below-stick-meta":"","astra-migrate-meta-layouts":"default","ast-page-background-enabled":"default","ast-page-background-meta":{"desktop":{"background-color":"var(--ast-global-color-5)","background-image":"","background-repeat":"repeat","background-position":"center center","background-size":"auto","background-attachment":"scroll","background-type":"","background-media":"","overlay-type":"","overlay-color":"","overlay-opacity":"","overlay-gradient":""},"tablet":{"background-color":"","background-image":"","background-repeat":"repeat","background-position":"center center","background-size":"auto","background-attachment":"scroll","background-type":"","background-media":"","overlay-type":"","overlay-color":"","overlay-opacity":"","overlay-gradient":""},"mobile":{"background-color":"","background-image":"","background-repeat":"repeat","background-position":"center center","background-size":"auto","background-attachment":"scroll","background-type":"","background-media":"","overlay-type":"","overlay-color":"","overlay-opacity":"","overlay-gradient":""}},"ast-content-background-meta":{"desktop":{"background-color":"var(--ast-global-color-4)","background-image":"","background-repeat":"repeat","background-position":"center center","background-size":"auto","background-attachment":"scroll","background-type":"","background-media":"","overlay-type":"","overlay-color":"","overlay-opacity":"","overlay-gradient":""},"tablet":{"background-color":"var(--ast-global-color-4)","background-image":"","background-repeat":"repeat","background-position":"center center","background-size":"auto","background-attachment":"scroll","background-type":"","background-media":"","overlay-type":"","overlay-color":"","overlay-opacity":"","overlay-gradient":""},"mobile":{"background-color":"var(--ast-global-color-4)","background-image":"","background-repeat":"repeat","background-position":"center center","background-size":"auto","background-attachment":"scroll","background-type":"","background-media":"","overlay-type":"","overlay-color":"","overlay-opacity":"","overlay-gradient":""}},"footnotes":""},"class_list":["post-12","page","type-page","status-publish","hentry"],"_links":{"self":[{"href":"https:\/\/www.geodatenserver.ch\/valgis\/wp-json\/wp\/v2\/pages\/12","targetHints":{"allow":["GET"]}}],"collection":[{"href":"https:\/\/www.geodatenserver.ch\/valgis\/wp-json\/wp\/v2\/pages"}],"about":[{"href":"https:\/\/www.geodatenserver.ch\/valgis\/wp-json\/wp\/v2\/types\/page"}],"author":[{"embeddable":true,"href":"https:\/\/www.geodatenserver.ch\/valgis\/wp-json\/wp\/v2\/users\/1"}],"replies":[{"embeddable":true,"href":"https:\/\/www.geodatenserver.ch\/valgis\/wp-json\/wp\/v2\/comments?post=12"}],"version-history":[{"count":14,"href":"https:\/\/www.geodatenserver.ch\/valgis\/wp-json\/wp\/v2\/pages\/12\/revisions"}],"predecessor-version":[{"id":163,"href":"https:\/\/www.geodatenserver.ch\/valgis\/wp-json\/wp\/v2\/pages\/12\/revisions\/163"}],"wp:attachment":[{"href":"https:\/\/www.geodatenserver.ch\/valgis\/wp-json\/wp\/v2\/media?parent=12"}],"curies":[{"name":"wp","href":"https:\/\/api.w.org\/{rel}","templated":true}]}}