{"id":6,"date":"2018-08-14T14:55:00","date_gmt":"2018-08-14T12:55:00","guid":{"rendered":"http:\/\/www.geodatenserver.ch\/valgis\/?page_id=6"},"modified":"2026-05-11T11:37:55","modified_gmt":"2026-05-11T09:37:55","slug":"home","status":"publish","type":"page","link":"https:\/\/www.geodatenserver.ch\/valgis\/","title":{"rendered":"Home"},"content":{"rendered":"<p>&nbsp;<\/p>\r\n\r\n<h5>Projekte mit Eigent\u00fcmerdaten<\/h5>\r\n<table style=\"border-collapse: collapse; width: 100%;\">\r\n<tbody>\r\n<tr>\r\n<td style=\"width: 25%;\"><a href=\"https:\/\/www.valgis.ch\/weboffice\/externalcall.jsp?project=buerchen\" target=\"_blank\" rel=\"noopener\"><button>B\u00fcrchen<\/button><\/a><\/td>\r\n<td style=\"width: 25%;\"><a href=\"https:\/\/www.valgis.ch\/weboffice\/externalcall.jsp?project=eisten\" target=\"_blank\" rel=\"noopener\"><button>Eisten<\/button><\/a><\/td>\r\n<td style=\"width: 25%;\"><a href=\"https:\/\/www.valgis.ch\/weboffice\/externalcall.jsp?project=embd\" target=\"_blank\" rel=\"noopener\"><button>Embd<\/button><\/a><\/td>\r\n<td style=\"width: 25%;\"><a href=\"https:\/\/www.valgis.ch\/weboffice\/externalcall.jsp?project=goms\" target=\"_blank\" rel=\"noopener\"><button>Goms<\/button><\/a><\/td>\r\n<\/tr>\r\n<tr>\r\n<td style=\"width: 25%;\"><a href=\"https:\/\/www.valgis.ch\/weboffice\/externalcall.jsp?project=graechen\" target=\"_blank\" rel=\"noopener\"><button>Gr\u00e4chen<\/button><\/a><\/td>\r\n<td style=\"width: 25%;\"><a href=\"https:\/\/www.valgis.ch\/weboffice\/externalcall.jsp?project=obergoms\" target=\"_blank\" rel=\"noopener\"><button>Obergoms<\/button><\/a><\/td>\r\n<td style=\"width: 25%;\"><a href=\"https:\/\/www.valgis.ch\/weboffice\/externalcall.jsp?project=randa\" target=\"_blank\" rel=\"noopener\"><button>Randa<\/button><\/a><\/td>\r\n<td style=\"width: 25%;\"><a href=\"https:\/\/www.valgis.ch\/weboffice\/externalcall.jsp?project=st_niklaus\" target=\"_blank\" rel=\"noopener\"><button>St. Niklaus<\/button><\/a><\/td>\r\n<\/tr>\r\n<tr>\r\n<td style=\"width: 25%;\"><a href=\"https:\/\/www.valgis.ch\/weboffice\/externalcall.jsp?project=taesch\" target=\"_blank\" rel=\"noopener\"><button>T\u00e4sch<\/button><\/a><\/td>\r\n<td style=\"width: 25%;\"><a href=\"https:\/\/www.valgis.ch\/weboffice\/externalcall.jsp?project=toerbel\" target=\"_blank\" rel=\"noopener\"><button>T\u00f6rbel<\/button><\/a><\/td>\r\n<td style=\"width: 25%;\"><a href=\"https:\/\/www.valgis.ch\/weboffice\/externalcall.jsp?project=unterbaech\" target=\"_blank\" rel=\"noopener\"><button>Unterb\u00e4ch<\/button><\/a><\/td>\r\n<td style=\"width: 25%;\"><a href=\"https:\/\/www.valgis.ch\/weboffice\/externalcall.jsp?project=saas_balen\" target=\"_blank\" rel=\"noopener\"><button>Saas-Balen<\/button><\/a><\/td>\r\n<\/tr>\r\n<tr>\r\n<td style=\"width: 25%;\"><a href=\"https:\/\/www.valgis.ch\/weboffice\/externalcall.jsp?project=zeneggen\" target=\"_blank\" rel=\"noopener\"><button>Zeneggen<\/button><\/a><\/td>\r\n<td style=\"width: 25%;\"><a href=\"https:\/\/www.valgis.ch\/weboffice\/externalcall.jsp?project=zermatt\" target=\"_blank\" rel=\"noopener\"><button>Zermatt<\/button><\/a><\/td>\r\n<td style=\"width: 25%;\">\u00a0<\/td>\r\n<td style=\"width: 25%;\">\u00a0<\/td>\r\n<\/tr>\r\n<\/tbody>\r\n<\/table>\r\n<p>&nbsp;<\/p>\r\n<h5>Alle Projekte\u00a0<\/h5>\r\n<!-- <form method=\"get\" target=\"_blank\"><select name=\"auswahl\" size=\"1\">\r\n<option value=\"agarn\">Agarn<\/option>\r\n<option value=\"albinen\">Albinen<\/option>\r\n<option value=\"ausserberg\">Ausserberg<\/option>\r\n<option value=\"baltschieder\">Baltschieder<\/option>\r\n<option value=\"bellwald\">Bellwald<\/option>\r\n<option value=\"bettmeralp\">Bettmeralp<\/option>\r\n<option value=\"binn\">Binn<\/option>\r\n<option value=\"bister\">Bister<\/option>\r\n<option value=\"bitsch\">Bitsch<\/option>\r\n<option value=\"blatten\">Blatten<\/option>\r\n<option value=\"brig_glis\">Brig-Glis<\/option>\r\n<option value=\"buerchen\">B\u00fcrchen<\/option>\r\n<option value=\"buerchen_intern\">B\u00fcrchen intern<\/option>\r\n<option value=\"buerchen_alpverm\">B\u00fcrchen Alpvermessung<\/option>\r\n<option value=\"eggerberg\">Eggerberg<\/option>\r\n<option value=\"eischoll\">Eischoll<\/option>\r\n<option value=\"eisten\">Eisten<\/option>\r\n<option value=\"eisten_intern\">Eisten intern<\/option>\r\n<option value=\"embd\">Embd<\/option>\r\n<option value=\"embd_intern\">Embd intern<\/option>\r\n<option value=\"ergisch\">Ergisch<\/option>\r\n<option value=\"ernen\">Ernen<\/option>\r\n<option value=\"ferden\">Ferden<\/option>\r\n<option value=\"fiesch\">Fiesch<\/option>\r\n<option value=\"fieschertal\">Fieschertal<\/option>\r\n<option value=\"gampel_bratsch\">Gampel-Bratsch<\/option>\r\n<option value=\"goms\">Goms<\/option>\r\n<option value=\"goms_intern\">Goms intern<\/option>\r\n<option value=\"graechen\">Gr\u00e4chen<\/option>\r\n<option value=\"graechen_intern\">Gr\u00e4chen intern<\/option>\r\n<option value=\"graechen_hinni\">Gr\u00e4chen Hinni<\/option>\r\n<option value=\"grengiols\">Grengiols<\/option>\r\n<option value=\"guttet_feschel\">Guttet-Feschel<\/option>\r\n<option value=\"inden\">Inden<\/option>\r\n<option value=\"kippel\">Kippel<\/option>\r\n<option value=\"lalden\">Lalden<\/option>\r\n<option value=\"lax\">Lax<\/option>\r\n<option value=\"leuk\">Leuk<\/option>\r\n<option value=\"leukerbad\">Leukerbad<\/option>\r\n<option value=\"moerel_filet\">M\u00f6rel-Filet<\/option>\r\n<option value=\"naters\">Naters<\/option>\r\n<option value=\"naters_alpverm\">Naters Alpvermessung<\/option>\r\n<option value=\"niedergesteln\">Niedergesteln<\/option>\r\n<option value=\"oberems\">Oberems<\/option>\r\n<option value=\"obergoms\">Obergoms<\/option>\r\n<option value=\"obergoms_intern\">Obergoms intern<\/option>\r\n<option value=\"randa\">Randa<\/option>\r\n<option value=\"randa_intern\">Randa intern<\/option>\r\n<option value=\"raron\">Raron<\/option>\r\n<option value=\"ried_brig\">Ried-Brig<\/option>\r\n<option value=\"riederalp\">Riederalp<\/option>\r\n<option value=\"saas_almagell\">Saas-Almagell<\/option>\r\n<option value=\"saas_balen\">Saas-Balen<\/option>\r\n<option value=\"saas_balen_intern\">Saas-Balen intern<\/option>\r\n<option value=\"saas_fee\">Saas-Fee<\/option>\r\n<option value=\"saas_grund\">Saas-Grund<\/option>\r\n<option value=\"salgesch\">Salgesch<\/option>\r\n<option value=\"simplon\">Simplon<\/option>\r\n<option value=\"st_niklaus\">St. Niklaus<\/option>\r\n<option value=\"st_niklaus_intern\">St. Niklaus intern<\/option>\r\n<option value=\"st_niklaus_gfs\">St. Niklaus GFS<\/option>\r\n<option value=\"stalden\">Stalden<\/option>\r\n<option value=\"staldenried\">Staldenried<\/option>\r\n<option value=\"steg_hohtenn\">Steg-Hohtenn<\/option>\r\n<option value=\"taesch\">T\u00e4sch<\/option>\r\n<option value=\"taesch_intern\">T\u00e4sch intern<\/option>\r\n<option value=\"termen\">Termen<\/option>\r\n<option value=\"toerbel\">T\u00f6rbel<\/option>\r\n<option value=\"toerbel_intern\">T\u00f6rbel intern<\/option>\r\n<option value=\"turtmann_unterems\">Turtmann-Unterems<\/option>\r\n<option value=\"unterbaech\">Unterb\u00e4ch<\/option>\r\n<option value=\"unterbaech_intern\">Unterb\u00e4ch intern<\/option>\r\n<option value=\"varen\">Varen<\/option>\r\n<option value=\"visp\">Visp<\/option>\r\n<option value=\"visperterminen\">Visperterminen<\/option>\r\n<option value=\"wiler\">Wiler<\/option>\r\n<option value=\"zeneggen\">Zeneggen<\/option>\r\n<option value=\"zeneggen_intern\">Zeneggen intern<\/option>\r\n<option value=\"zermatt\">Zermatt<\/option>\r\n<option value=\"zermatt_intern\">Zermatt intern<\/option>\r\n<option value=\"zermatt_wvz\">Zermatt Wasserversorgung<\/option>\r\n<option value=\"zwischbergen\">Zwischbergen<\/option>\r\n<\/select><br><br><input type=\"button\" value=\"starten\" onclick=\"top.location.href='https:\/\/valgis.ch\/weboffice\/externalcall.jsp?client=auto&amp;project='+\r\nthis.form.auswahl.options[this.form.auswahl.selectedIndex].value\"><\/form> <form method=\"get\" target=\"_blank\"><select name=\"auswahl\" size=\"1\">\r\n<option value=\"map.vsgis.ch\/agarn\/?lang=de\">Agarn\u00a0\u279a<\/option>\r\n<option value=\"map.vsgis.ch\/albinen\/?lang=de\">Albinen\u00a0\u279a<\/option>\r\n<option value=\"map.vsgis.ch\/ausserberg\/?lang=de\">Ausserberg\u00a0\u279a<\/option>\r\n<option value=\"map.vsgis.ch\/baltschieder\/?lang=de\">Baltschieder\u00a0\u279a<\/option>\r\n<option value=\"map.vsgis.ch\/bellwald\/?lang=de\">Bellwald\u00a0\u279a<\/option>\r\n<option value=\"valgis.ch\/weboffice\/externalcall.jsp?client=auto&amp;project=bettmeralp\">Bettmeralp<\/option>\r\n<option value=\"valgis.ch\/weboffice\/externalcall.jsp?client=auto&amp;project=bettmeralp_intern\">Bettmeralp intern<\/option>\r\n<option value=\"map.vsgis.ch\/binn\/?lang=de\">Binn\u00a0\u279a<\/option>\r\n<option value=\"map.vsgis.ch\/bister\/?lang=de\">Bister\u00a0\u279a<\/option>\r\n<option value=\"map.vsgis.ch\/bitsch\/?lang=de\">Bitsch\u00a0\u279a<\/option>\r\n<option value=\"map.vsgis.ch\/loetschental\/?map_x=2629898&amp;map_y=1141095&amp;map_zoom=5&amp;lang=de\">Blatten\u00a0\u279a<\/option>\r\n<option value=\"map.vsgis.ch\/brigglis\/?lang=de\">Brig-Glis\u00a0\u279a<\/option>\r\n<option value=\"valgis.ch\/weboffice\/externalcall.jsp?client=auto&amp;project=buerchen\">B\u00fcrchen<\/option>\r\n<option value=\"valgis.ch\/weboffice\/externalcall.jsp?client=auto&amp;project=buerchen_intern\">B\u00fcrchen intern<\/option>\r\n<option value=\"valgis.ch\/weboffice\/externalcall.jsp?client=auto&amp;project=buerchen_alpverm\">B\u00fcrchen Alpvermessung<\/option>\r\n<option value=\"map.vsgis.ch\/eggerberg\/?lang=de\">Eggerberg\u00a0\u279a<\/option>\r\n<option value=\"map.vsgis.ch\/eischoll\/?lang=de\">Eischoll\u00a0\u279a<\/option>\r\n<option value=\"valgis.ch\/weboffice\/externalcall.jsp?client=auto&amp;project=eisten\">Eisten<\/option>\r\n<option value=\"valgis.ch\/weboffice\/externalcall.jsp?client=auto&amp;project=eisten_intern\">Eisten intern<\/option>\r\n<option value=\"valgis.ch\/weboffice\/externalcall.jsp?client=auto&amp;project=embd\">Embd<\/option>\r\n<option value=\"valgis.ch\/weboffice\/externalcall.jsp?client=auto&amp;project=embd_intern\">Embd intern<\/option>\r\n<option value=\"map.vsgis.ch\/ergisch\/?lang=de\">Ergisch\u00a0\u279a<\/option>\r\n<option value=\"map.vsgis.ch\/ernen\/?lang=de\">Ernen\u00a0\u279a<\/option>\r\n<option value=\"map.vsgis.ch\/loetschental\/?map_x=2623362&amp;map_y=1137849&amp;map_zoom=4&amp;lang=de\">Ferden\u00a0\u279a<\/option>\r\n<option value=\"map.vsgis.ch\/fiesch\/?lang=de\">Fiesch\u00a0\u279a<\/option>\r\n<option value=\"map.vsgis.ch\/fieschertal\/?lang=de\">Fieschertal\u00a0\u279a<\/option>\r\n<option value=\"map.vsgis.ch\/gampelbratsch\/?lang=de\">Gampel-Bratsch\u00a0\u279a<\/option>\r\n<option value=\"valgis.ch\/weboffice\/externalcall.jsp?client=auto&amp;project=goms\">Goms<\/option>\r\n<option value=\"valgis.ch\/weboffice\/externalcall.jsp?client=auto&amp;project=goms_intern\">Goms intern<\/option>\r\n<option value=\"valgis.ch\/weboffice\/externalcall.jsp?client=auto&amp;project=graechen\">Gr\u00e4chen<\/option>\r\n<option value=\"valgis.ch\/weboffice\/externalcall.jsp?client=auto&amp;project=graechen_intern\">Gr\u00e4chen intern<\/option>\r\n<option value=\"valgis.ch\/weboffice\/externalcall.jsp?client=auto&amp;project=graechen_hinni\">Gr\u00e4chen Hinni<\/option>\r\n<option value=\"map.vsgis.ch\/grengiols\/?lang=de\">Grengiols\u00a0\u279a<\/option>\r\n<option value=\"map.vsgis.ch\/guttetfeschel\/?lang=de\">Guttet-Feschel\u00a0\u279a<\/option>\r\n<option value=\"map.vsgis.ch\/inden\/?lang=de\">Inden\u00a0\u279a<\/option>\r\n<option value=\"map.vsgis.ch\/loetschental\/?map_x=2625469&amp;map_y=1138598&amp;map_zoom=6&amp;lang=de\">Kippel\u00a0\u279a<\/option>\r\n<option value=\"map.vsgis.ch\/lalden\/?lang=de\">Lalden\u00a0\u279a<\/option>\r\n<option value=\"map.vsgis.ch\/lax\/?lang=de\">Lax\u00a0\u279a<\/option>\r\n<option value=\"map.vsgis.ch\/leuk\/?lang=de\">Leuk\u00a0\u279a<\/option>\r\n<option value=\"map.vsgis.ch\/leukerbad\/?lang=de\">Leukerbad\u00a0\u279a<\/option>\r\n<option value=\"map.vsgis.ch\/moerel\/?lang=de\">M\u00f6rel-Filet\u00a0\u279a<\/option>\r\n<option value=\"map.vsgis.ch\/naters\/?lang=de\">Naters\u00a0\u279a<\/option>\r\n<option value=\"valgis.ch\/weboffice\/externalcall.jsp?client=auto&amp;project=naters_alpverm\">Naters Alpvermessung<\/option>\r\n<option value=\"map.vsgis.ch\/niedergesteln\/?lang=de\">Niedergesteln\u00a0\u279a<\/option>\r\n<option value=\"map.vsgis.ch\/oberems\/?lang=de\">Oberems\u00a0\u279a<\/option>\r\n<option value=\"valgis.ch\/weboffice\/externalcall.jsp?client=auto&amp;project=obergoms\">Obergoms<\/option>\r\n<option value=\"valgis.ch\/weboffice\/externalcall.jsp?client=auto&amp;project=obergoms_intern\">Obergoms intern<\/option>\r\n<option value=\"valgis.ch\/weboffice\/externalcall.jsp?client=auto&amp;project=randa\">Randa<\/option>\r\n<option value=\"valgis.ch\/weboffice\/externalcall.jsp?client=auto&amp;project=randa_intern\">Randa intern<\/option>\r\n<option value=\"map.vsgis.ch\/raron\/?lang=de\">Raron\u00a0\u279a<\/option>\r\n<option value=\"valgis.ch\/weboffice\/externalcall.jsp?client=auto&amp;project=ried_brig\">Ried-Brig<\/option>\r\n<option value=\"valgis.ch\/weboffice\/externalcall.jsp?client=auto&amp;project=ried_brig_intern\">Ried-Brig intern<\/option>\r\n<option value=\"map.vsgis.ch\/riederalp\/?lang=de\">Riederalp\u00a0\u279a<\/option>\r\n<option value=\"map.vsgis.ch\/saasalmagell\/?lang=de\">Saas-Almagell\u00a0\u279a<\/option>\r\n<option value=\"valgis.ch\/weboffice\/externalcall.jsp?client=auto&amp;project=saas_balen\">Saas-Balen<\/option>\r\n<option value=\"valgis.ch\/weboffice\/externalcall.jsp?client=auto&amp;project=saas_balen_intern\">Saas-Balen intern<\/option>\r\n<option value=\"map.vsgis.ch\/saasfee\/?lang=de\">Saas-Fee\u00a0\u279a<\/option>\r\n<option value=\"map.vsgis.ch\/saasgrund\/?lang=de\">Saas-Grund\u00a0\u279a<\/option>\r\n<option value=\"map.vsgis.ch\/salgesch\/?lang=de\">Salgesch\u00a0\u279a<\/option>\r\n<option value=\"map.vsgis.ch\/simplon\/?lang=de\">Simplon\u00a0\u279a<\/option>\r\n<option value=\"valgis.ch\/weboffice\/externalcall.jsp?client=auto&amp;project=st_niklaus\">St. Niklaus<\/option>\r\n<option value=\"valgis.ch\/weboffice\/externalcall.jsp?client=auto&amp;project=st_niklaus_intern\">St. Niklaus intern<\/option>\r\n<option value=\"valgis.ch\/weboffice\/externalcall.jsp?client=auto&amp;project=st_niklaus_gfs\">St. Niklaus GFS<\/option>\r\n<option value=\"map.vsgis.ch\/stalden\/?lang=de\">Stalden\u00a0\u279a<\/option>\r\n<option value=\"map.vsgis.ch\/staldenried\/?lang=de\">Staldenried\u00a0\u279a<\/option>\r\n<option value=\"map.vsgis.ch\/steghohtenn\/?lang=de\">Steg-Hohtenn\u00a0\u279a<\/option>\r\n<option value=\"valgis.ch\/weboffice\/externalcall.jsp?client=auto&amp;project=taesch\">T\u00e4sch<\/option>\r\n<option value=\"valgis.ch\/weboffice\/externalcall.jsp?client=auto&amp;project=taesch_intern\">T\u00e4sch intern<\/option>\r\n<option value=\"map.vsgis.ch\/termen\/?lang=de\">Termen\u00a0\u279a<\/option>\r\n<option value=\"valgis.ch\/weboffice\/externalcall.jsp?client=auto&amp;project=toerbel\">T\u00f6rbel<\/option>\r\n<option value=\"valgis.ch\/weboffice\/externalcall.jsp?client=auto&amp;project=toerbel_intern\">T\u00f6rbel intern<\/option>\r\n<option value=\"map.vsgis.ch\/turtmann\/?lang=de\">Turtmann-Unterems\u00a0\u279a<\/option>\r\n<option value=\"valgis.ch\/weboffice\/externalcall.jsp?client=auto&amp;project=unterbaech\">Unterb\u00e4ch<\/option>\r\n<option value=\"valgis.ch\/weboffice\/externalcall.jsp?client=auto&amp;project=unterbaech_intern\">Unterb\u00e4ch intern<\/option>\r\n<option value=\"map.vsgis.ch\/varen\/?lang=de\">Varen\u00a0\u279a<\/option>\r\n<option value=\"map.vsgis.ch\/visp\/?lang=de\">Visp\u00a0\u279a<\/option>\r\n<option value=\"map.vsgis.ch\/visperterminen\/?lang=de\">Visperterminen\u00a0\u279a<\/option>\r\n<option value=\"map.vsgis.ch\/loetschental\/?map_x=2626764&amp;map_y=1139819&amp;map_zoom=5&amp;lang=de\">Wiler\u00a0\u279a<\/option>\r\n<option value=\"valgis.ch\/weboffice\/externalcall.jsp?client=auto&amp;project=zeneggen\">Zeneggen<\/option>\r\n<option value=\"valgis.ch\/weboffice\/externalcall.jsp?client=auto&amp;project=zeneggen_intern\">Zeneggen intern<\/option>\r\n<option value=\"valgis.ch\/weboffice\/externalcall.jsp?client=auto&amp;project=zermatt\">Zermatt<\/option>\r\n<option value=\"valgis.ch\/weboffice\/externalcall.jsp?client=auto&amp;project=zermatt_intern\">Zermatt intern<\/option>\r\n<option value=\"valgis.ch\/weboffice\/externalcall.jsp?client=auto&amp;project=zermatt_wvz\">Zermatt Wasserversorgung<\/option>\r\n<option value=\"map.vsgis.ch\/zwischbergen\/?lang=de\">Zwischbergen\u00a0\u279a<\/option>\r\n<\/select><br \/><br \/><code>\r\n<input type=\"button\" value=\"starten\" \/>\r\n<\/code><\/form> -->\r\n\r\n\r\n<div><iframe loading=\"lazy\" style=\"border-width: 0;\" src=\"https:\/\/www.valgis.ch\/weboffice\/pub\/planax\/planax_website.html\" width=\"100%\" height=\"500\" marginwidth=\"10\" marginheight=\"10\"><\/iframe><\/div>\r\n\r\n<div>\r\n<p>&nbsp;<\/p>\r\n<p>Wir bieten unseren Kunden einen WebGIS Service, der es Ihnen erlaubt, einen bedeutenden Mehrwert bez\u00fcglich ihrer geographischen Daten zu erlangen.Der sehr vorteilhafte Preis, die Verf\u00fcgbarkeit und Kombinationsm\u00f6glichkeit der Daten, die Offenheit und Skalierbarkeit des Systems und der Einsatz von Quasi-Standardprodukten der im GIS-Bereich f\u00fchrenden Firma ESRI sind dabei sehr \u00fcberzeugende Argumente.<\/p>\r\n<p>&nbsp;<\/p>\r\n<\/div>\r\n\r\n\r\n\r\n<p>&nbsp;<\/p>\r\n\r\n\r\n\r\n<h3>Aktuell:<\/h3>\r\n<h4><br \/>GEMEINDE GOMS<br \/><a href=\"https:\/\/valgis.ch\/weboffice\/synserver?project=goms_alpverm\" target=\"_blank\" rel=\"noopener\">Amtliche Vermessung Los 1 &#8211; \u00d6ffentliche Auflage der Vermessungsdokumente<\/a><\/h4>\r\n<p>In Anwendung von Art. 16 des Gesetzes vom 16. M\u00e4rz 2006 \u00fcber die amtliche Vermessung findet die \u00f6ffentliche Auflage der Grenzfeststellung vom <strong>Montag, 11. Mai. 2026 bis Dienstag, 9. Juni 2026<\/strong> statt.<\/p>\r\n<p>Der Perimeter des Vermessungsgebietes der Ersterhebung Goms Los 1 wird wie folgt abgegrenzt:<\/p>\r\n<ul>\r\n<li>Gesamtes restliches Gemeindegebiet, das noch nicht vermessen wurde.<\/li>\r\n<li>Dies betrifft das Gebiet Obermatta, Honegga, Bru, Bieligertal, Frutt, Ritzigeralpe, B\u00e4chi, Alpje, Minschtigertal, Tr\u00fctzi, Chietal, Merezebach, Hobach, Blinnetal, Ritzichumme, Bobmeraup und Ettria.<\/li>\r\n<\/ul>\r\n<p>Alle betroffenen Eigent\u00fcmer werden hiermit eingeladen, in die im Gemeindeb\u00fcro von Goms (Gluringen) aufliegenden Pl\u00e4ne &#8222;Vermessungsdokumente&#8220; Einsicht zu nehmen. \r\nDie Grundeigent\u00fcmer\/-innen werden schriftlich orientiert und erhalten einen G\u00fcterzettel mit den Angaben der Nummern ihrer Parzellen und deren Fl\u00e4chen, sowie eine Gegen\u00fcberstellung zwischen \r\nden Parzellennummern gem\u00e4ss amtlicher Vermessung und den Parzellen- resp. Artikelnummern im Steuerkataster.<\/p>\r\n<p>Das beauftragte Geometerb\u00fcro Planax AG kann w\u00e4hrend der Auflagedauer wie folgt kontaktiert werden: per Mail an <a href=\"mailto:info@planax.ch\">info@planax.ch<\/a> oder telefonisch unter der Nummer 027 922 00 00.<\/p>\r\n<p>Allf\u00e4llige Einsprachen gegen die Vermessungsdokumente sind innerhalb der Auflagefrist schriftlich an die Vermessungskommission Goms, Furkastrasse 399, 3998 Gluringen zu richten. In diesem \r\nSchreiben, muss jeweils die Parzellennummer aufgef\u00fchrt werden und es muss genau angegeben werden, gegen was eingesprochen wird.<\/p>\r\n<p>Nach Ablauf der Auflagefrist wird angenommen, dass die nicht einsprechenden Grundeigent\u00fcmer mit  den  erstellten  Vermessungsdokumenten  ihrer  Grundst\u00fccke  einverstanden  und  alle Parzellen erfasst sind.<\/p>\r\n<p>Sitten, den 8. Mai 2026<br>Der Vorsteher des Departements f\u00fcr Sicherheit, Institutionen und Sport &#8211; St\u00e9phane Ganzer<\/p>\r\n<h4><br \/>GEMEINDE ZERMATT<br \/><a href=\"https:\/\/valgis.ch\/weboffice\/synserver?project=zermatt_alpverm\" target=\"_blank\" rel=\"noopener\">Amtliche Vermessung Los 10 &#8211; \u00d6ffentliche Auflage der Grenzfeststellung<\/a><\/h4>\r\n<p>In Anwendung von Art. 16 des Gesetzes vom 16. M\u00e4rz 2006 \u00fcber die amtliche Vermessung findet die \u00f6ffentliche Auflage der Grenzfeststellung vom <strong>Montag, 18. Mai 2026 bis Dienstag, 16. Juni 2026<\/strong> statt.<\/p>\r\n<p>Der Perimeter des Vermessungsgebietes der Ersterhebung Zermatt Los 10 wird wie folgt abgegrenzt:<\/p>\r\n<ul>\r\n<li>Gesamtes restliches Gemeindegebiet, das noch nicht vermessen wurde.<\/li>\r\n<li>Dies betrifft das Gebiet  Triftchumma, Gabelhore, Howeng, Chalbermatte, Zmuttgletscher, \r\nTheodulgletscher, Matterhore, Chlei Matterhore, Hermetje, Schwarzsee, Monte Rosa, Riffelalp, Riffelb\u00e4rg, Findelgletscher, Gornergrat, Rothore, Sunnegga und Blauh\u00e4rd .<\/li>\r\n<\/ul>\r\n<p>Alle betroffenen Grundeigent\u00fcmerinnen und Grundeigent\u00fcmer werden hiermit eingeladen, in die auf der Gemeindekanzlei von Zermatt aufliegenden Pl\u00e4ne &#8222;Grenzfeststellung&#8220; w\u00e4hrend den \u00fcblichen \r\n\u00d6ffnungszeiten Einsicht zu nehmen und die Grenzen zu kontrollieren und festzustellen.<\/p>\r\n<p>Das beauftragte Geometerb\u00fcro Planax AG kann w\u00e4hrend der Auflagedauer wie folgt kontaktiert werden: per Mail an <a href=\"mailto:info@planax.ch\">info@planax.ch<\/a> oder telefonisch unter der Nummer 027 922 00 00.<\/p>\r\n<p>Allf\u00e4llige Einsprachen gegen die Grenzfeststellung sind innerhalb der Auflagefrist schriftlich an die Vermessungskommission Zermatt, Kirchplatz 3, Postfach 345, 3920 Zermatt zu richten. In diesem Schreiben muss angegeben werden, gegen welche Grenzpunkte eingesprochen wird.<\/p>\r\n<p>Nach Ablauf dieser Frist wird angenommen, dass die nicht einsprechenden Grundeigent\u00fcmerinnen und Grundeigent\u00fcmer mit der Grenzfeststellung ihrer Grundst\u00fccke einverstanden sind.<\/p>\r\n<p>Sitten, den 15. Mai 2026<br>Der Vorsteher des Departements f\u00fcr Sicherheit, Institutionen und Sport &#8211; St\u00e9phane Ganzer<\/p>\r\n<h3>\u00a0<\/h3>\r\n<h3>M\u00fcnster-Geschinen Geb\u00e4ude und Geschichte<\/h3>\r\n\r\n\r\n\r\n<p>Im Zusammenhang mit dem neuen Buch von Dr. Werner Bellwald, in dem 39 Geb\u00e4ude in M\u00fcnster und Geschinen untersucht und beschrieben wurden, durften wir eine Webseite erstellen.<\/p>\r\n\r\n\r\n\r\n<p>Neben dem geographischen Bezug beinhaltet diese zu jedem Geb\u00e4ude ein Foto, einen Kurztext und den Link auf ein Video.<\/p>\r\n\r\n\r\n\r\n<figure class=\"wp-block-image\"><img loading=\"lazy\" decoding=\"async\" width=\"1024\" height=\"439\" class=\"wp-image-214\" src=\"http:\/\/www.geodatenserver.ch\/valgis\/wp-content\/uploads\/2019\/06\/muenster_geschinen-1024x439.jpg\" alt=\"\" srcset=\"https:\/\/www.geodatenserver.ch\/valgis\/wp-content\/uploads\/2019\/06\/muenster_geschinen.jpg 1024w, https:\/\/www.geodatenserver.ch\/valgis\/wp-content\/uploads\/2019\/06\/muenster_geschinen-300x129.jpg 300w, https:\/\/www.geodatenserver.ch\/valgis\/wp-content\/uploads\/2019\/06\/muenster_geschinen-768x329.jpg 768w\" sizes=\"auto, (max-width: 1024px) 100vw, 1024px\" \/><\/figure>\r\n\r\n\r\n\r\n<p>Ein wirklich spannendes Projekt.<\/p>\r\n<p>Schauen Sie mal rein:\u00a0<a href=\"http:\/\/www.valgis.ch\/dorfgeschichte\/\" target=\"_blank\" rel=\"noreferrer noopener\">www.valgis.ch\/dorfgeschichte\/<\/a><\/p>\r\n","protected":false},"excerpt":{"rendered":"<p>&nbsp; Projekte mit Eigent\u00fcmerdaten B\u00fcrchen Eisten Embd Goms Gr\u00e4chen Obergoms Randa St. Niklaus T\u00e4sch T\u00f6rbel Unterb\u00e4ch Saas-Balen Zeneggen Zermatt \u00a0 [&hellip;]<\/p>\n","protected":false},"author":1,"featured_media":0,"parent":0,"menu_order":0,"comment_status":"closed","ping_status":"closed","template":"","meta":{"site-sidebar-layout":"right-sidebar","site-content-layout":"","ast-site-content-layout":"default","site-content-style":"default","site-sidebar-style":"default","ast-global-header-display":"","ast-banner-title-visibility":"","ast-main-header-display":"","ast-hfb-above-header-display":"","ast-hfb-below-header-display":"","ast-hfb-mobile-header-display":"","site-post-title":"","ast-breadcrumbs-content":"","ast-featured-img":"","footer-sml-layout":"","ast-disable-related-posts":"","theme-transparent-header-meta":"default","adv-header-id-meta":"","stick-header-meta":"","header-above-stick-meta":"","header-main-stick-meta":"","header-below-stick-meta":"","astra-migrate-meta-layouts":"set","ast-page-background-enabled":"default","ast-page-background-meta":{"desktop":{"background-color":"var(--ast-global-color-5)","background-image":"","background-repeat":"repeat","background-position":"center center","background-size":"auto","background-attachment":"scroll","background-type":"","background-media":"","overlay-type":"","overlay-color":"","overlay-opacity":"","overlay-gradient":""},"tablet":{"background-color":"","background-image":"","background-repeat":"repeat","background-position":"center center","background-size":"auto","background-attachment":"scroll","background-type":"","background-media":"","overlay-type":"","overlay-color":"","overlay-opacity":"","overlay-gradient":""},"mobile":{"background-color":"","background-image":"","background-repeat":"repeat","background-position":"center center","background-size":"auto","background-attachment":"scroll","background-type":"","background-media":"","overlay-type":"","overlay-color":"","overlay-opacity":"","overlay-gradient":""}},"ast-content-background-meta":{"desktop":{"background-color":"var(--ast-global-color-4)","background-image":"","background-repeat":"repeat","background-position":"center center","background-size":"auto","background-attachment":"scroll","background-type":"","background-media":"","overlay-type":"","overlay-color":"","overlay-opacity":"","overlay-gradient":""},"tablet":{"background-color":"var(--ast-global-color-4)","background-image":"","background-repeat":"repeat","background-position":"center center","background-size":"auto","background-attachment":"scroll","background-type":"","background-media":"","overlay-type":"","overlay-color":"","overlay-opacity":"","overlay-gradient":""},"mobile":{"background-color":"var(--ast-global-color-4)","background-image":"","background-repeat":"repeat","background-position":"center center","background-size":"auto","background-attachment":"scroll","background-type":"","background-media":"","overlay-type":"","overlay-color":"","overlay-opacity":"","overlay-gradient":""}},"footnotes":""},"class_list":["post-6","page","type-page","status-publish","hentry"],"_links":{"self":[{"href":"https:\/\/www.geodatenserver.ch\/valgis\/wp-json\/wp\/v2\/pages\/6","targetHints":{"allow":["GET"]}}],"collection":[{"href":"https:\/\/www.geodatenserver.ch\/valgis\/wp-json\/wp\/v2\/pages"}],"about":[{"href":"https:\/\/www.geodatenserver.ch\/valgis\/wp-json\/wp\/v2\/types\/page"}],"author":[{"embeddable":true,"href":"https:\/\/www.geodatenserver.ch\/valgis\/wp-json\/wp\/v2\/users\/1"}],"replies":[{"embeddable":true,"href":"https:\/\/www.geodatenserver.ch\/valgis\/wp-json\/wp\/v2\/comments?post=6"}],"version-history":[{"count":183,"href":"https:\/\/www.geodatenserver.ch\/valgis\/wp-json\/wp\/v2\/pages\/6\/revisions"}],"predecessor-version":[{"id":896,"href":"https:\/\/www.geodatenserver.ch\/valgis\/wp-json\/wp\/v2\/pages\/6\/revisions\/896"}],"wp:attachment":[{"href":"https:\/\/www.geodatenserver.ch\/valgis\/wp-json\/wp\/v2\/media?parent=6"}],"curies":[{"name":"wp","href":"https:\/\/api.w.org\/{rel}","templated":true}]}}