{"id":86,"date":"2018-08-16T14:49:46","date_gmt":"2018-08-16T12:49:46","guid":{"rendered":"http:\/\/www.geodatenserver.ch\/valgis\/?page_id=86"},"modified":"2025-02-04T15:45:42","modified_gmt":"2025-02-04T14:45:42","slug":"transportwesen","status":"publish","type":"page","link":"https:\/\/www.geodatenserver.ch\/valgis\/transportwesen\/","title":{"rendered":"Transportwesen"},"content":{"rendered":"<p><a href=\"http:\/\/www.geodatenserver.ch\/valgis\/wp-content\/uploads\/2018\/08\/transportwesen.jpg\"><img loading=\"lazy\" decoding=\"async\" class=\"alignnone size-large wp-image-110\" src=\"http:\/\/www.geodatenserver.ch\/valgis\/wp-content\/uploads\/2018\/08\/transportwesen-1024x503.jpg\" alt=\"\" width=\"800\" height=\"393\" srcset=\"https:\/\/www.geodatenserver.ch\/valgis\/wp-content\/uploads\/2018\/08\/transportwesen-1024x503.jpg 1024w, https:\/\/www.geodatenserver.ch\/valgis\/wp-content\/uploads\/2018\/08\/transportwesen-300x147.jpg 300w, https:\/\/www.geodatenserver.ch\/valgis\/wp-content\/uploads\/2018\/08\/transportwesen-768x377.jpg 768w, https:\/\/www.geodatenserver.ch\/valgis\/wp-content\/uploads\/2018\/08\/transportwesen.jpg 1675w\" sizes=\"auto, (max-width: 800px) 100vw, 800px\" \/><\/a><\/p>\n<p>Im Transportwesen sind Sie mit alternder und wartungsintensiver Infrastruktur, sich laufend ver\u00e4ndernden Anforderungen, \u00dcberlastungen und zu erf\u00fcllende rechtlichen Rahmenbedingungen wie Umweltoder Sicherheitsbestimmungen konfrontiert. Dabei haben Sie s\u00e4mtliche Elemente Ihrer Verkehrsinfrastruktur, deren Parameter und anfallende Arbeiten im Blick \u2014 und das idealerweise in Echtzeit. Als Entscheidungstr\u00e4ger ben\u00f6tigen Sie hierf\u00fcr eine Technologie zum Management und zur Planung von Strategien aufgrund r\u00e4umlicher Gegebenheiten.<\/p>\n<p>Mit valgis<span style=\"color: #000000;\">\u00a0s<\/span>ichten und editieren Sie Ihre Geodaten in einer einfach bedienbaren Benutzeroberfl\u00e4che per Browser direkt im Web. Dabei verf\u00fcgen Sie \u00fcber eine Suite an Produktivit\u00e4tstools f\u00fcr s\u00e4mtliche<br \/>\nTeilaufgaben: Von der Datenerfassung in einer zentralen Datenbank \u00fcber die einfache Bereitstellung von Services bis hin zur r\u00e4umlichen Analyse und Datenausgabe als Karte oder Bericht. So verwalten Sie s\u00e4mtliche Informationen in einer zentralen Stelle und teilen diese im Unternehmen als Team. In wenigen Schritten erstellen Sie Projekte mit einem rollenbasiertem Nutzerkonzept, prozessorientierten Arbeitsabl\u00e4ufen, strengen Sicherheitsauflagen und individuell konfigurierten Clients f\u00fcr einen Einsatz im B\u00fcro oder mobil vor Ort.<\/p>\n","protected":false},"excerpt":{"rendered":"<p>Im Transportwesen sind Sie mit alternder und wartungsintensiver Infrastruktur, sich laufend ver\u00e4ndernden Anforderungen, \u00dcberlastungen und zu erf\u00fcllende rechtlichen Rahmenbedingungen wie [&hellip;]<\/p>\n","protected":false},"author":1,"featured_media":0,"parent":0,"menu_order":0,"comment_status":"closed","ping_status":"closed","template":"","meta":{"site-sidebar-layout":"default","site-content-layout":"","ast-site-content-layout":"default","site-content-style":"default","site-sidebar-style":"default","ast-global-header-display":"","ast-banner-title-visibility":"","ast-main-header-display":"","ast-hfb-above-header-display":"","ast-hfb-below-header-display":"","ast-hfb-mobile-header-display":"","site-post-title":"","ast-breadcrumbs-content":"","ast-featured-img":"","footer-sml-layout":"","ast-disable-related-posts":"","theme-transparent-header-meta":"default","adv-header-id-meta":"","stick-header-meta":"","header-above-stick-meta":"","header-main-stick-meta":"","header-below-stick-meta":"","astra-migrate-meta-layouts":"set","ast-page-background-enabled":"default","ast-page-background-meta":{"desktop":{"background-color":"var(--ast-global-color-5)","background-image":"","background-repeat":"repeat","background-position":"center center","background-size":"auto","background-attachment":"scroll","background-type":"","background-media":"","overlay-type":"","overlay-color":"","overlay-opacity":"","overlay-gradient":""},"tablet":{"background-color":"","background-image":"","background-repeat":"repeat","background-position":"center center","background-size":"auto","background-attachment":"scroll","background-type":"","background-media":"","overlay-type":"","overlay-color":"","overlay-opacity":"","overlay-gradient":""},"mobile":{"background-color":"","background-image":"","background-repeat":"repeat","background-position":"center center","background-size":"auto","background-attachment":"scroll","background-type":"","background-media":"","overlay-type":"","overlay-color":"","overlay-opacity":"","overlay-gradient":""}},"ast-content-background-meta":{"desktop":{"background-color":"var(--ast-global-color-4)","background-image":"","background-repeat":"repeat","background-position":"center center","background-size":"auto","background-attachment":"scroll","background-type":"","background-media":"","overlay-type":"","overlay-color":"","overlay-opacity":"","overlay-gradient":""},"tablet":{"background-color":"var(--ast-global-color-4)","background-image":"","background-repeat":"repeat","background-position":"center center","background-size":"auto","background-attachment":"scroll","background-type":"","background-media":"","overlay-type":"","overlay-color":"","overlay-opacity":"","overlay-gradient":""},"mobile":{"background-color":"var(--ast-global-color-4)","background-image":"","background-repeat":"repeat","background-position":"center center","background-size":"auto","background-attachment":"scroll","background-type":"","background-media":"","overlay-type":"","overlay-color":"","overlay-opacity":"","overlay-gradient":""}},"footnotes":""},"class_list":["post-86","page","type-page","status-publish","hentry"],"_links":{"self":[{"href":"https:\/\/www.geodatenserver.ch\/valgis\/wp-json\/wp\/v2\/pages\/86","targetHints":{"allow":["GET"]}}],"collection":[{"href":"https:\/\/www.geodatenserver.ch\/valgis\/wp-json\/wp\/v2\/pages"}],"about":[{"href":"https:\/\/www.geodatenserver.ch\/valgis\/wp-json\/wp\/v2\/types\/page"}],"author":[{"embeddable":true,"href":"https:\/\/www.geodatenserver.ch\/valgis\/wp-json\/wp\/v2\/users\/1"}],"replies":[{"embeddable":true,"href":"https:\/\/www.geodatenserver.ch\/valgis\/wp-json\/wp\/v2\/comments?post=86"}],"version-history":[{"count":7,"href":"https:\/\/www.geodatenserver.ch\/valgis\/wp-json\/wp\/v2\/pages\/86\/revisions"}],"predecessor-version":[{"id":133,"href":"https:\/\/www.geodatenserver.ch\/valgis\/wp-json\/wp\/v2\/pages\/86\/revisions\/133"}],"wp:attachment":[{"href":"https:\/\/www.geodatenserver.ch\/valgis\/wp-json\/wp\/v2\/media?parent=86"}],"curies":[{"name":"wp","href":"https:\/\/api.w.org\/{rel}","templated":true}]}}