{"id":88,"date":"2018-08-16T14:51:08","date_gmt":"2018-08-16T12:51:08","guid":{"rendered":"http:\/\/www.geodatenserver.ch\/valgis\/?page_id=88"},"modified":"2025-02-04T15:46:45","modified_gmt":"2025-02-04T14:46:45","slug":"werke","status":"publish","type":"page","link":"https:\/\/www.geodatenserver.ch\/valgis\/werke\/","title":{"rendered":"Werke"},"content":{"rendered":"<p><a href=\"http:\/\/www.geodatenserver.ch\/valgis\/wp-content\/uploads\/2018\/08\/werke.jpg\"><img loading=\"lazy\" decoding=\"async\" class=\"alignnone size-large wp-image-120\" src=\"http:\/\/www.geodatenserver.ch\/valgis\/wp-content\/uploads\/2018\/08\/werke-1024x503.jpg\" alt=\"\" width=\"800\" height=\"393\" srcset=\"https:\/\/www.geodatenserver.ch\/valgis\/wp-content\/uploads\/2018\/08\/werke-1024x503.jpg 1024w, https:\/\/www.geodatenserver.ch\/valgis\/wp-content\/uploads\/2018\/08\/werke-300x147.jpg 300w, https:\/\/www.geodatenserver.ch\/valgis\/wp-content\/uploads\/2018\/08\/werke-768x378.jpg 768w, https:\/\/www.geodatenserver.ch\/valgis\/wp-content\/uploads\/2018\/08\/werke.jpg 1676w\" sizes=\"auto, (max-width: 800px) 100vw, 800px\" \/><\/a><\/p>\n<p>Im (kommunalen) Ver- und Entsorgungswesen m\u00fcssen Sie Ihre Infrastrukturdaten stets im Blick behalten um im St\u00f6rfall rasch und effizient reagieren zu k\u00f6nnen. Hierf\u00fcr ben\u00f6tigen Ihre Mitarbeiter einen zentral gesteuerten aber ortsunabh\u00e4ngigen Zugang und eine Kartendarstellung s\u00e4mtlicher Objektdaten zur Orientierung im Gel\u00e4nde. Durch die Integration anfallender Wartungstermine und Echtzeit-Sensordaten reagieren Sie proaktiv statt reaktiv und verl\u00e4ngern so die Lebenszeit Ihrer Infrastruktur. Dabei halten Sie die rechtlichen Rahmenbedingungen wie etwa Umweltauflagen ein und belegen den Einhalt Ihrer Sorgfaltspflicht f\u00fcr die Sicherheit Ihrer Mitarbeiter.<\/p>\n<p>Mit valgis sichten und editieren Sie Ihre Geodaten in einer einfach bedienbaren Benutzeroberfl\u00e4che per Browser direkt im Web. Dabei verf\u00fcgen Sie \u00fcber eine Suite aus Produktivit\u00e4tstools f\u00fcr s\u00e4mtliche<br \/>\nTeilaufgaben: Von der Datenerfassung in einer zentralen Datenbank \u00fcber die einfache Bereitstellung von Services bis hin zur r\u00e4umlichen Analyse und Datenausgabe als Karte oder Bericht. So verwalten Sie s\u00e4mtliche Informationen in einer zentralen Stelle und teilen diese im Unternehmen als Team. In wenigen Schritten erstellen Sie Projekte mit einem rollenbasiertem Nutzerkonzept, prozessorientierten Arbeitsabl\u00e4ufen, strengen Sicherheitsauflagen und individuell konfigurierten Clients f\u00fcr einen Einsatz im B\u00fcro oder mobil im Gel\u00e4nde.<\/p>\n","protected":false},"excerpt":{"rendered":"<p>Im (kommunalen) Ver- und Entsorgungswesen m\u00fcssen Sie Ihre Infrastrukturdaten stets im Blick behalten um im St\u00f6rfall rasch und effizient reagieren [&hellip;]<\/p>\n","protected":false},"author":1,"featured_media":0,"parent":0,"menu_order":0,"comment_status":"closed","ping_status":"closed","template":"","meta":{"site-sidebar-layout":"default","site-content-layout":"","ast-site-content-layout":"default","site-content-style":"default","site-sidebar-style":"default","ast-global-header-display":"","ast-banner-title-visibility":"","ast-main-header-display":"","ast-hfb-above-header-display":"","ast-hfb-below-header-display":"","ast-hfb-mobile-header-display":"","site-post-title":"","ast-breadcrumbs-content":"","ast-featured-img":"","footer-sml-layout":"","ast-disable-related-posts":"","theme-transparent-header-meta":"default","adv-header-id-meta":"","stick-header-meta":"","header-above-stick-meta":"","header-main-stick-meta":"","header-below-stick-meta":"","astra-migrate-meta-layouts":"set","ast-page-background-enabled":"default","ast-page-background-meta":{"desktop":{"background-color":"var(--ast-global-color-5)","background-image":"","background-repeat":"repeat","background-position":"center center","background-size":"auto","background-attachment":"scroll","background-type":"","background-media":"","overlay-type":"","overlay-color":"","overlay-opacity":"","overlay-gradient":""},"tablet":{"background-color":"","background-image":"","background-repeat":"repeat","background-position":"center center","background-size":"auto","background-attachment":"scroll","background-type":"","background-media":"","overlay-type":"","overlay-color":"","overlay-opacity":"","overlay-gradient":""},"mobile":{"background-color":"","background-image":"","background-repeat":"repeat","background-position":"center center","background-size":"auto","background-attachment":"scroll","background-type":"","background-media":"","overlay-type":"","overlay-color":"","overlay-opacity":"","overlay-gradient":""}},"ast-content-background-meta":{"desktop":{"background-color":"var(--ast-global-color-4)","background-image":"","background-repeat":"repeat","background-position":"center center","background-size":"auto","background-attachment":"scroll","background-type":"","background-media":"","overlay-type":"","overlay-color":"","overlay-opacity":"","overlay-gradient":""},"tablet":{"background-color":"var(--ast-global-color-4)","background-image":"","background-repeat":"repeat","background-position":"center center","background-size":"auto","background-attachment":"scroll","background-type":"","background-media":"","overlay-type":"","overlay-color":"","overlay-opacity":"","overlay-gradient":""},"mobile":{"background-color":"var(--ast-global-color-4)","background-image":"","background-repeat":"repeat","background-position":"center center","background-size":"auto","background-attachment":"scroll","background-type":"","background-media":"","overlay-type":"","overlay-color":"","overlay-opacity":"","overlay-gradient":""}},"footnotes":""},"class_list":["post-88","page","type-page","status-publish","hentry"],"_links":{"self":[{"href":"https:\/\/www.geodatenserver.ch\/valgis\/wp-json\/wp\/v2\/pages\/88","targetHints":{"allow":["GET"]}}],"collection":[{"href":"https:\/\/www.geodatenserver.ch\/valgis\/wp-json\/wp\/v2\/pages"}],"about":[{"href":"https:\/\/www.geodatenserver.ch\/valgis\/wp-json\/wp\/v2\/types\/page"}],"author":[{"embeddable":true,"href":"https:\/\/www.geodatenserver.ch\/valgis\/wp-json\/wp\/v2\/users\/1"}],"replies":[{"embeddable":true,"href":"https:\/\/www.geodatenserver.ch\/valgis\/wp-json\/wp\/v2\/comments?post=88"}],"version-history":[{"count":3,"href":"https:\/\/www.geodatenserver.ch\/valgis\/wp-json\/wp\/v2\/pages\/88\/revisions"}],"predecessor-version":[{"id":122,"href":"https:\/\/www.geodatenserver.ch\/valgis\/wp-json\/wp\/v2\/pages\/88\/revisions\/122"}],"wp:attachment":[{"href":"https:\/\/www.geodatenserver.ch\/valgis\/wp-json\/wp\/v2\/media?parent=88"}],"curies":[{"name":"wp","href":"https:\/\/api.w.org\/{rel}","templated":true}]}}