{"id":90,"date":"2018-08-16T15:08:40","date_gmt":"2018-08-16T13:08:40","guid":{"rendered":"http:\/\/www.geodatenserver.ch\/valgis\/?page_id=90"},"modified":"2018-08-19T23:16:21","modified_gmt":"2018-08-19T21:16:21","slug":"plattform","status":"publish","type":"page","link":"https:\/\/www.geodatenserver.ch\/valgis\/plattform\/","title":{"rendered":"Plattform"},"content":{"rendered":"<h3>Die ArcGIS Plattform nutzen und erweitern<\/h3>\n<p>Die von uns eingesetzte Anwendung ist eine leistungsf\u00e4hige Erweiterung der ArcGlS-Plattform. Praxiserprobte Werkzeuge und Integrationskomponenten erh\u00f6hen die Produktivit\u00e4t von ArcGIS for Server. Schwerpunkt sind die Bereiche Konfiguration, Schnittstellen, Usermanagement und Online Clients.<\/p>\n<h3>Vorteile auf einen Blick<\/h3>\n<p>WebOffice ist aus der Projekterfahrung und -zusammenarbeit mit unseren Kunden entstanden. Folgende umgesetzte Anforderungen werden von unseren langj\u00e4hrigen Anwendern als besonders wichtig hervorgehoben:<\/p>\n<ul>\n<li>\n<h4>Funktioneller Mehrwert<\/h4>\n<\/li>\n<\/ul>\n<p style=\"padding-left: 30px;\">Wir nutzen die Funktionen, Clients, Apps, &#8230; von ArcGIS und profitieren zugleich von dessen gezielten administrativen, funktionalen und integrativen Zusatzentwicklungen.<\/p>\n<ul>\n<li>\n<h4>Zeitersparnis<\/h4>\n<\/li>\n<\/ul>\n<p style=\"padding-left: 30px;\">Sie verringern Der know-how Bedarf wird verringert. So reduzieren wir den administrativen Aufwand und haben mehr Zeit f\u00fcr inhaltliches und analytisches Arbeiten.<\/p>\n<ul>\n<li>\n<h4>Risikominimierung<\/h4>\n<\/li>\n<\/ul>\n<p style=\"padding-left: 30px;\">Wir nutzen ein \u00fcber kommende Releases gewartetes Produkt f\u00fcr den Enterprise-Einsatz. So profitieren Sie von finanzieller und funktionaler Planungssicherheit gegen\u00fcber einer individuellen Projektl\u00f6sung.<\/p>\n<p>&nbsp;<\/p>\n<h3>Erweiterte Workflows<\/h3>\n<p>Die Pflegbarkeit und administrative Einfachheit im Unternehmenseinsatz sind Hauptfokus der Anwendung. Einige wichtige Workflows, in denen diese Vorteile zum Tragen kommen:<\/p>\n<ul>\n<li>\n<h4>Projekte zentral pflegen und warten<\/h4>\n<\/li>\n<\/ul>\n<p style=\"padding-left: 30px;\">WebOffice author ist Ihre Arbeitsumgebung f\u00fcr die Anlage und Pflege von Projekten. Assistenten, auf Wunsch auch ein generischer Editer-Modus, und h\u00f6chst produktive Werkzeuge machen es dabei einfach und effizient. Kombinieren Sie Layer, definieren Sichten, Abfragen, Sprachen, Layouts, Reports und zus\u00e4tzliche Eigenschaften f\u00fcr die Zugriffssteuerung (Berechtigungen).<\/p>\n<ul>\n<li>\n<h4>Zugriffsrechte<\/h4>\n<\/li>\n<\/ul>\n<p style=\"padding-left: 30px;\">Zugriffsrechte \u00fcber alle Detailgrade hinweg fein zu steuern, gibt dem Administrator die n\u00f6tige Kontrolle und Sicherheit \u00fcber alle Bereiche der Webanwendung. Sie k\u00f6nnen in Erweiterung des Serverstandards f\u00fcr Rollen und Anwender nicht nur Zugriffe auf Dienste, sondern auch auf Layer, Abfragen, Druckvorlagen oder Werkzeuge festgelegt werden.<\/p>\n<ul>\n<li>\n<h4>Echte Mehrsprachigkeit<\/h4>\n<\/li>\n<\/ul>\n<p style=\"padding-left: 30px;\">Die Projekte k\u00f6nnen in allen Details vollst\u00e4ndig mehrsprachig aufgesetzt werden: Vom GUI der Clients \u00fcber den Auswahltext f\u00fcr gespeicherte Abfragen bis zu mehrsprachigen Attributlisten f\u00fcr Identify-Funktionen. Mit der Anmeldung entscheidet sich je Endanwender, in welcher Sprache WebOffice kommuniziert \u2014 auch arabisch links nach rechts.<\/p>\n<ul>\n<li>\n<h4>Browser-basiert editieren &amp; konstruieren<\/h4>\n<\/li>\n<\/ul>\n<p style=\"padding-left: 30px;\">Die Anwender profitieren von Editier- und Konstruktionsfunktionen direkt im Browser, die sonst dem Desktop vorbehalten sind. Hierzu geh\u00f6ren Fangfunktionen, konfigurierbare Editieraufgaben, komfortables editieren von Sachdatentabellen und mehr \u2014 und das mit intuitiver Handhabung.<\/p>\n<ul>\n<li>\n<h4>High-End Plotfunktionen<\/h4>\n<\/li>\n<\/ul>\n<p style=\"padding-left: 30px;\">Template-basiertes plotten ist Bestandteil des ArcGIS Standards. Wir haben diese Funktionen erweitert: Vom freien Platzieren eines Plotrahmens im Browserfenster \u00fcber Integration gelayouteter Tabellen, Unterst\u00fctzung benutzerdefinierter Referenzsysteme bis hin zum Einbinden nutzerspezifischer Infos wie LDAP-Attribute, Logos, &#8230;<\/p>\n<ul>\n<li>\n<h4>Mit eigenen Reports professionell pr\u00e4sentieren<\/h4>\n<\/li>\n<\/ul>\n<p style=\"padding-left: 30px;\">Nutzen Sie Reporting als Daten-lntegrations-Plattform und Pr\u00e4sentations-Medium. Erstellen Sie aussagekr\u00e4ftige Dokumente, die geografische Daten und Analysen mit Unternehmensdaten aus verschiedenen \u201eT\u00f6pfen\u201c serverseitig verkn\u00fcpfen. Und nutzen Sie diese Analysen \u00fcberall \u2014 auch mobil.<\/p>\n<ul>\n<li>\n<h4>Externe Systeme integrieren, Standardformate nutzen<\/h4>\n<\/li>\n<\/ul>\n<p style=\"padding-left: 30px;\">Workflows im Unternehmen umfassen verschiedene Systeme und Anwendungen. Die ArcGlS Plattform unterst\u00fctzt Geo-Standards wie OGC WM(T)S, WFS und CSW Dienste sowie zahlreiche File- und Web-Datenformate und alle marktf\u00fchrenden Datenbanksysteme. Der Ausbau der direkten Integrationsm\u00f6glichkeiten von und f\u00fcr andere Systeme ist eine St\u00e4rke von WebOffice. Es gibt erprobte Zusatzfunktionen f\u00fcr:<\/p>\n<ul>\n<li>Anbinden anderer Webanwendungen oder Daten aus Datenbanken<\/li>\n<li>Erweiterungen in der OGC WM(T)S Unterst\u00fctzung<\/li>\n<li>Erweiterte Unterst\u00fctzung f\u00fcr Esri Basemaps, OSM Daten, Bing(R) Maps<\/li>\n<li>Ein URL-call Interface<\/li>\n<li>APIs f\u00fcr: Client Steuerung, eigene Werkzeuge &amp; Dienste<\/li>\n<\/ul>\n","protected":false},"excerpt":{"rendered":"<p>Die ArcGIS Plattform nutzen und erweitern Die von uns eingesetzte Anwendung ist eine leistungsf\u00e4hige Erweiterung der ArcGlS-Plattform. Praxiserprobte Werkzeuge und [&hellip;]<\/p>\n","protected":false},"author":1,"featured_media":0,"parent":0,"menu_order":0,"comment_status":"closed","ping_status":"closed","template":"","meta":{"site-sidebar-layout":"default","site-content-layout":"","ast-site-content-layout":"default","site-content-style":"default","site-sidebar-style":"default","ast-global-header-display":"","ast-banner-title-visibility":"","ast-main-header-display":"","ast-hfb-above-header-display":"","ast-hfb-below-header-display":"","ast-hfb-mobile-header-display":"","site-post-title":"","ast-breadcrumbs-content":"","ast-featured-img":"","footer-sml-layout":"","ast-disable-related-posts":"","theme-transparent-header-meta":"","adv-header-id-meta":"","stick-header-meta":"","header-above-stick-meta":"","header-main-stick-meta":"","header-below-stick-meta":"","astra-migrate-meta-layouts":"default","ast-page-background-enabled":"default","ast-page-background-meta":{"desktop":{"background-color":"var(--ast-global-color-5)","background-image":"","background-repeat":"repeat","background-position":"center center","background-size":"auto","background-attachment":"scroll","background-type":"","background-media":"","overlay-type":"","overlay-color":"","overlay-opacity":"","overlay-gradient":""},"tablet":{"background-color":"","background-image":"","background-repeat":"repeat","background-position":"center center","background-size":"auto","background-attachment":"scroll","background-type":"","background-media":"","overlay-type":"","overlay-color":"","overlay-opacity":"","overlay-gradient":""},"mobile":{"background-color":"","background-image":"","background-repeat":"repeat","background-position":"center center","background-size":"auto","background-attachment":"scroll","background-type":"","background-media":"","overlay-type":"","overlay-color":"","overlay-opacity":"","overlay-gradient":""}},"ast-content-background-meta":{"desktop":{"background-color":"var(--ast-global-color-4)","background-image":"","background-repeat":"repeat","background-position":"center center","background-size":"auto","background-attachment":"scroll","background-type":"","background-media":"","overlay-type":"","overlay-color":"","overlay-opacity":"","overlay-gradient":""},"tablet":{"background-color":"var(--ast-global-color-4)","background-image":"","background-repeat":"repeat","background-position":"center center","background-size":"auto","background-attachment":"scroll","background-type":"","background-media":"","overlay-type":"","overlay-color":"","overlay-opacity":"","overlay-gradient":""},"mobile":{"background-color":"var(--ast-global-color-4)","background-image":"","background-repeat":"repeat","background-position":"center center","background-size":"auto","background-attachment":"scroll","background-type":"","background-media":"","overlay-type":"","overlay-color":"","overlay-opacity":"","overlay-gradient":""}},"footnotes":""},"class_list":["post-90","page","type-page","status-publish","hentry"],"_links":{"self":[{"href":"https:\/\/www.geodatenserver.ch\/valgis\/wp-json\/wp\/v2\/pages\/90","targetHints":{"allow":["GET"]}}],"collection":[{"href":"https:\/\/www.geodatenserver.ch\/valgis\/wp-json\/wp\/v2\/pages"}],"about":[{"href":"https:\/\/www.geodatenserver.ch\/valgis\/wp-json\/wp\/v2\/types\/page"}],"author":[{"embeddable":true,"href":"https:\/\/www.geodatenserver.ch\/valgis\/wp-json\/wp\/v2\/users\/1"}],"replies":[{"embeddable":true,"href":"https:\/\/www.geodatenserver.ch\/valgis\/wp-json\/wp\/v2\/comments?post=90"}],"version-history":[{"count":6,"href":"https:\/\/www.geodatenserver.ch\/valgis\/wp-json\/wp\/v2\/pages\/90\/revisions"}],"predecessor-version":[{"id":174,"href":"https:\/\/www.geodatenserver.ch\/valgis\/wp-json\/wp\/v2\/pages\/90\/revisions\/174"}],"wp:attachment":[{"href":"https:\/\/www.geodatenserver.ch\/valgis\/wp-json\/wp\/v2\/media?parent=90"}],"curies":[{"name":"wp","href":"https:\/\/api.w.org\/{rel}","templated":true}]}}